{"id":892,"date":"2026-01-22T17:23:19","date_gmt":"2026-01-22T17:23:19","guid":{"rendered":"https:\/\/drgranit-ks.com\/?page_id=892"},"modified":"2026-01-22T17:29:39","modified_gmt":"2026-01-22T17:29:39","slug":"gallery","status":"publish","type":"page","link":"https:\/\/drgranit-ks.com\/sq\/gallery\/","title":{"rendered":"Gallery"},"content":{"rendered":"<style>.elementor-892 .elementor-element.elementor-element-e92695a{--display:grid;--e-con-grid-template-columns:repeat(3, 1fr);--e-con-grid-template-rows:repeat(2, 1fr);--grid-auto-flow:row;}.elementor-widget-image .widget-image-caption{color:var( --e-global-color-text );font-family:var( --e-global-typography-text-font-family ), Sans-serif;font-size:var( --e-global-typography-text-font-size );font-weight:var( --e-global-typography-text-font-weight );line-height:var( --e-global-typography-text-line-height );}@media(max-width:1600px){.elementor-892 .elementor-element.elementor-element-e92695a{--grid-auto-flow:row;}.elementor-widget-image .widget-image-caption{font-size:var( --e-global-typography-text-font-size );line-height:var( --e-global-typography-text-line-height );}}@media(max-width:1024px){.elementor-892 .elementor-element.elementor-element-e92695a{--grid-auto-flow:row;}.elementor-widget-image .widget-image-caption{font-size:var( --e-global-typography-text-font-size );line-height:var( --e-global-typography-text-line-height );}}@media(max-width:767px){.elementor-892 .elementor-element.elementor-element-e92695a{--e-con-grid-template-columns:repeat(1, 1fr);--e-con-grid-template-rows:repeat(2, 1fr);--grid-auto-flow:row;}.elementor-widget-image .widget-image-caption{font-size:var( --e-global-typography-text-font-size );line-height:var( --e-global-typography-text-line-height );}}<\/style>\t\t<div data-elementor-type=\"wp-page\" data-elementor-id=\"892\" class=\"elementor elementor-892\">\n\t\t\t\t<div class=\"elementor-element elementor-element-e92695a e-grid e-con-boxed e-con e-parent\" data-id=\"e92695a\" data-element_type=\"container\">\n\t\t\t\t\t<div class=\"e-con-inner\">\n\t\t\t\t<div class=\"elementor-element elementor-element-9d98392 elementor-widget elementor-widget-image\" data-id=\"9d98392\" data-element_type=\"widget\" data-widget_type=\"image.default\">\n\t\t\t\t<div class=\"elementor-widget-container\">\n\t\t\t\t\t\t\t\t\t\t\t\t\t\t\t<img fetchpriority=\"high\" decoding=\"async\" width=\"800\" height=\"800\" src=\"https:\/\/drgranit-ks.com\/wp-content\/uploads\/2026\/01\/20251025_144149913_iOS.jpg\" class=\"attachment-large size-large wp-image-916\" alt=\"\" \/>\t\t\t\t\t\t\t\t\t\t\t\t\t\t\t<\/div>\n\t\t\t\t<\/div>\n\t\t\t\t<div class=\"elementor-element elementor-element-35f9928 elementor-widget elementor-widget-image\" data-id=\"35f9928\" data-element_type=\"widget\" data-widget_type=\"image.default\">\n\t\t\t\t<div class=\"elementor-widget-container\">\n\t\t\t\t\t\t\t\t\t\t\t\t\t\t\t<img decoding=\"async\" width=\"793\" height=\"1024\" src=\"https:\/\/drgranit-ks.com\/wp-content\/uploads\/2026\/01\/20251025_142059377_iOS.jpg\" class=\"attachment-large size-large wp-image-915\" alt=\"\" \/>\t\t\t\t\t\t\t\t\t\t\t\t\t\t\t<\/div>\n\t\t\t\t<\/div>\n\t\t\t\t<div class=\"elementor-element elementor-element-e75dcca elementor-widget elementor-widget-image\" data-id=\"e75dcca\" data-element_type=\"widget\" data-widget_type=\"image.default\">\n\t\t\t\t<div class=\"elementor-widget-container\">\n\t\t\t\t\t\t\t\t\t\t\t\t\t\t\t<img decoding=\"async\" width=\"800\" height=\"800\" src=\"https:\/\/drgranit-ks.com\/wp-content\/uploads\/2026\/01\/20251223_135112720_iOS.jpg\" class=\"attachment-large size-large wp-image-917\" alt=\"\" \/>\t\t\t\t\t\t\t\t\t\t\t\t\t\t\t<\/div>\n\t\t\t\t<\/div>\n\t\t\t\t<div class=\"elementor-element elementor-element-dce79ce elementor-widget elementor-widget-image\" data-id=\"dce79ce\" data-element_type=\"widget\" data-widget_type=\"image.default\">\n\t\t\t\t<div class=\"elementor-widget-container\">\n\t\t\t\t\t\t\t\t\t\t\t\t\t\t\t<img loading=\"lazy\" decoding=\"async\" width=\"745\" height=\"1024\" src=\"https:\/\/drgranit-ks.com\/wp-content\/uploads\/2026\/01\/20250919_155730777_iOS.jpg\" class=\"attachment-large size-large wp-image-914\" alt=\"\" \/>\t\t\t\t\t\t\t\t\t\t\t\t\t\t\t<\/div>\n\t\t\t\t<\/div>\n\t\t\t\t<div class=\"elementor-element elementor-element-e4712c7 elementor-widget elementor-widget-image\" data-id=\"e4712c7\" data-element_type=\"widget\" data-widget_type=\"image.default\">\n\t\t\t\t<div class=\"elementor-widget-container\">\n\t\t\t\t\t\t\t\t\t\t\t\t\t\t\t<img loading=\"lazy\" decoding=\"async\" width=\"800\" height=\"1000\" src=\"https:\/\/drgranit-ks.com\/wp-content\/uploads\/2026\/01\/20260102_115114061_iOS.jpg\" class=\"attachment-large size-large wp-image-831\" alt=\"\" \/>\t\t\t\t\t\t\t\t\t\t\t\t\t\t\t<\/div>\n\t\t\t\t<\/div>\n\t\t\t\t<div class=\"elementor-element elementor-element-34272cd elementor-widget elementor-widget-image\" data-id=\"34272cd\" data-element_type=\"widget\" data-widget_type=\"image.default\">\n\t\t\t\t<div class=\"elementor-widget-container\">\n\t\t\t\t\t\t\t\t\t\t\t\t\t\t\t<img loading=\"lazy\" decoding=\"async\" width=\"800\" height=\"800\" src=\"https:\/\/drgranit-ks.com\/wp-content\/uploads\/2026\/01\/20251223_140943309_iOS.jpg\" class=\"attachment-large size-large wp-image-830\" alt=\"\" \/>\t\t\t\t\t\t\t\t\t\t\t\t\t\t\t<\/div>\n\t\t\t\t<\/div>\n\t\t\t\t\t<\/div>\n\t\t\t\t<\/div>\n\t\t\t\t<\/div>","protected":false},"excerpt":{"rendered":"","protected":false},"author":1,"featured_media":0,"parent":0,"menu_order":0,"comment_status":"closed","ping_status":"closed","template":"","meta":{"footnotes":""},"class_list":["post-892","page","type-page","status-publish","hentry"],"yoast_head":"<!-- This site is optimized with the Yoast SEO plugin v26.8 - https:\/\/yoast.com\/product\/yoast-seo-wordpress\/ -->\n<title>Gallery - Dr.Granit Dental Clinic<\/title>\n<meta name=\"robots\" content=\"index, follow, max-snippet:-1, max-image-preview:large, max-video-preview:-1\" \/>\n<link rel=\"canonical\" href=\"https:\/\/drgranit-ks.com\/sq\/gallery\/\" \/>\n<meta property=\"og:locale\" content=\"sq_AL\" \/>\n<meta property=\"og:type\" content=\"article\" \/>\n<meta property=\"og:title\" content=\"Gallery - Dr.Granit Dental Clinic\" \/>\n<meta property=\"og:url\" content=\"https:\/\/drgranit-ks.com\/sq\/gallery\/\" \/>\n<meta property=\"og:site_name\" content=\"Dr.Granit Dental Clinic\" \/>\n<meta property=\"article:modified_time\" content=\"2026-01-22T17:29:39+00:00\" \/>\n<meta property=\"og:image\" content=\"https:\/\/drgranit-ks.com\/wp-content\/uploads\/2026\/01\/20251025_144149913_iOS.jpg\" \/>\n\t<meta property=\"og:image:width\" content=\"1080\" \/>\n\t<meta property=\"og:image:height\" content=\"1080\" \/>\n\t<meta property=\"og:image:type\" content=\"image\/jpeg\" \/>\n<meta name=\"twitter:card\" content=\"summary_large_image\" \/>\n<meta name=\"twitter:label1\" content=\"Est. reading time\" \/>\n\t<meta name=\"twitter:data1\" content=\"2 minuta\" \/>\n<script type=\"application\/ld+json\" class=\"yoast-schema-graph\">{\"@context\":\"https:\/\/schema.org\",\"@graph\":[{\"@type\":\"WebPage\",\"@id\":\"https:\/\/drgranit-ks.com\/gallery\/\",\"url\":\"https:\/\/drgranit-ks.com\/gallery\/\",\"name\":\"Gallery - Dr.Granit Dental Clinic\",\"isPartOf\":{\"@id\":\"https:\/\/drgranit-ks.com\/#website\"},\"primaryImageOfPage\":{\"@id\":\"https:\/\/drgranit-ks.com\/gallery\/#primaryimage\"},\"image\":{\"@id\":\"https:\/\/drgranit-ks.com\/gallery\/#primaryimage\"},\"thumbnailUrl\":\"https:\/\/drgranit-ks.com\/wp-content\/uploads\/2026\/01\/20251025_144149913_iOS.jpg\",\"datePublished\":\"2026-01-22T17:23:19+00:00\",\"dateModified\":\"2026-01-22T17:29:39+00:00\",\"breadcrumb\":{\"@id\":\"https:\/\/drgranit-ks.com\/gallery\/#breadcrumb\"},\"inLanguage\":\"sq\",\"potentialAction\":[{\"@type\":\"ReadAction\",\"target\":[\"https:\/\/drgranit-ks.com\/gallery\/\"]}]},{\"@type\":\"ImageObject\",\"inLanguage\":\"sq\",\"@id\":\"https:\/\/drgranit-ks.com\/gallery\/#primaryimage\",\"url\":\"https:\/\/drgranit-ks.com\/wp-content\/uploads\/2026\/01\/20251025_144149913_iOS.jpg\",\"contentUrl\":\"https:\/\/drgranit-ks.com\/wp-content\/uploads\/2026\/01\/20251025_144149913_iOS.jpg\"},{\"@type\":\"BreadcrumbList\",\"@id\":\"https:\/\/drgranit-ks.com\/gallery\/#breadcrumb\",\"itemListElement\":[{\"@type\":\"ListItem\",\"position\":1,\"name\":\"Home\",\"item\":\"https:\/\/drgranit-ks.com\/\"},{\"@type\":\"ListItem\",\"position\":2,\"name\":\"Gallery\"}]},{\"@type\":\"WebSite\",\"@id\":\"https:\/\/drgranit-ks.com\/#website\",\"url\":\"https:\/\/drgranit-ks.com\/\",\"name\":\"Dr.Granit Dental Clinic\",\"description\":\"Best Dental Clinic In Kosovo\",\"potentialAction\":[{\"@type\":\"SearchAction\",\"target\":{\"@type\":\"EntryPoint\",\"urlTemplate\":\"https:\/\/drgranit-ks.com\/?s={search_term_string}\"},\"query-input\":{\"@type\":\"PropertyValueSpecification\",\"valueRequired\":true,\"valueName\":\"search_term_string\"}}],\"inLanguage\":\"sq\"}]}<\/script>\n<!-- \/ Yoast SEO plugin. -->","yoast_head_json":{"title":"Gallery - Dr.Granit Dental Clinic","robots":{"index":"index","follow":"follow","max-snippet":"max-snippet:-1","max-image-preview":"max-image-preview:large","max-video-preview":"max-video-preview:-1"},"canonical":"https:\/\/drgranit-ks.com\/sq\/gallery\/","og_locale":"sq_AL","og_type":"article","og_title":"Gallery - Dr.Granit Dental Clinic","og_url":"https:\/\/drgranit-ks.com\/sq\/gallery\/","og_site_name":"Dr.Granit Dental Clinic","article_modified_time":"2026-01-22T17:29:39+00:00","og_image":[{"width":1080,"height":1080,"url":"https:\/\/drgranit-ks.com\/wp-content\/uploads\/2026\/01\/20251025_144149913_iOS.jpg","type":"image\/jpeg"}],"twitter_card":"summary_large_image","twitter_misc":{"Est. reading time":"2 minuta"},"schema":{"@context":"https:\/\/schema.org","@graph":[{"@type":"WebPage","@id":"https:\/\/drgranit-ks.com\/gallery\/","url":"https:\/\/drgranit-ks.com\/gallery\/","name":"Gallery - Dr.Granit Dental Clinic","isPartOf":{"@id":"https:\/\/drgranit-ks.com\/#website"},"primaryImageOfPage":{"@id":"https:\/\/drgranit-ks.com\/gallery\/#primaryimage"},"image":{"@id":"https:\/\/drgranit-ks.com\/gallery\/#primaryimage"},"thumbnailUrl":"https:\/\/drgranit-ks.com\/wp-content\/uploads\/2026\/01\/20251025_144149913_iOS.jpg","datePublished":"2026-01-22T17:23:19+00:00","dateModified":"2026-01-22T17:29:39+00:00","breadcrumb":{"@id":"https:\/\/drgranit-ks.com\/gallery\/#breadcrumb"},"inLanguage":"sq","potentialAction":[{"@type":"ReadAction","target":["https:\/\/drgranit-ks.com\/gallery\/"]}]},{"@type":"ImageObject","inLanguage":"sq","@id":"https:\/\/drgranit-ks.com\/gallery\/#primaryimage","url":"https:\/\/drgranit-ks.com\/wp-content\/uploads\/2026\/01\/20251025_144149913_iOS.jpg","contentUrl":"https:\/\/drgranit-ks.com\/wp-content\/uploads\/2026\/01\/20251025_144149913_iOS.jpg"},{"@type":"BreadcrumbList","@id":"https:\/\/drgranit-ks.com\/gallery\/#breadcrumb","itemListElement":[{"@type":"ListItem","position":1,"name":"Home","item":"https:\/\/drgranit-ks.com\/"},{"@type":"ListItem","position":2,"name":"Gallery"}]},{"@type":"WebSite","@id":"https:\/\/drgranit-ks.com\/#website","url":"https:\/\/drgranit-ks.com\/","name":"Dr.Granit Dental Clinic","description":"Klinika m\u00eb e mir\u00eb dentare n\u00eb Kosov\u00eb","potentialAction":[{"@type":"SearchAction","target":{"@type":"EntryPoint","urlTemplate":"https:\/\/drgranit-ks.com\/?s={search_term_string}"},"query-input":{"@type":"PropertyValueSpecification","valueRequired":true,"valueName":"search_term_string"}}],"inLanguage":"sq"}]}},"_links":{"self":[{"href":"https:\/\/drgranit-ks.com\/sq\/wp-json\/wp\/v2\/pages\/892","targetHints":{"allow":["GET"]}}],"collection":[{"href":"https:\/\/drgranit-ks.com\/sq\/wp-json\/wp\/v2\/pages"}],"about":[{"href":"https:\/\/drgranit-ks.com\/sq\/wp-json\/wp\/v2\/types\/page"}],"author":[{"embeddable":true,"href":"https:\/\/drgranit-ks.com\/sq\/wp-json\/wp\/v2\/users\/1"}],"replies":[{"embeddable":true,"href":"https:\/\/drgranit-ks.com\/sq\/wp-json\/wp\/v2\/comments?post=892"}],"version-history":[{"count":7,"href":"https:\/\/drgranit-ks.com\/sq\/wp-json\/wp\/v2\/pages\/892\/revisions"}],"predecessor-version":[{"id":923,"href":"https:\/\/drgranit-ks.com\/sq\/wp-json\/wp\/v2\/pages\/892\/revisions\/923"}],"wp:attachment":[{"href":"https:\/\/drgranit-ks.com\/sq\/wp-json\/wp\/v2\/media?parent=892"}],"curies":[{"name":"wp","href":"https:\/\/api.w.org\/{rel}","templated":true}]}}